{"id":1630,"date":"2022-02-21T11:25:22","date_gmt":"2022-02-21T04:25:22","guid":{"rendered":"https:\/\/hanfimexretail.vn\/?post_type=product&#038;p=1630"},"modified":"2025-09-29T00:29:35","modified_gmt":"2025-09-28T17:29:35","slug":"hat-dieu-rang-muoi","status":"publish","type":"product","link":"https:\/\/hanfimexretail.vn\/?product=hat-dieu-rang-muoi","title":{"rendered":"H\u1ea1t \u0111i\u1ec1u rang mu\u1ed1i"},"content":{"rendered":"<div class=\"description woocommerce-product-details__short-description\">\n<p>H\u1ea1t \u0111i\u1ec1u rang mu\u1ed1i l\u00e0 m\u00f3n \u0103n mang h\u01b0\u01a1ng v\u1ecb truy\u1ec1n th\u1ed1ng kh\u00f4ng c\u00f2n xa l\u1ea1 v\u1edbi ng\u01b0\u1eddi Vi\u1ec7t Nam, l\u1edbp v\u1ecf l\u1ee5a gi\u00fap nh\u00e2n \u0111i\u1ec1u gi\u1eef nguy\u00ean h\u01b0\u01a1ng v\u1ecb th\u01a1m ngon \u0111\u1eb7c tr\u01b0ng khi rang c\u1ee7i.<\/p>\n<\/div>\n","protected":false},"excerpt":{"rendered":"<div class=\"description woocommerce-product-details__short-description\">\n<p>H\u1ea1t \u0111i\u1ec1u rang mu\u1ed1i l\u00e0 m\u00f3n \u0103n mang h\u01b0\u01a1ng v\u1ecb truy\u1ec1n th\u1ed1ng kh\u00f4ng c\u00f2n xa l\u1ea1 v\u1edbi ng\u01b0\u1eddi Vi\u1ec7t Nam, l\u1edbp v\u1ecf l\u1ee5a gi\u00fap nh\u00e2n \u0111i\u1ec1u gi\u1eef nguy\u00ean h\u01b0\u01a1ng v\u1ecb th\u01a1m ngon \u0111\u1eb7c tr\u01b0ng khi rang c\u1ee7i.<\/p>\n<\/div>\n","protected":false},"featured_media":2124,"comment_status":"open","ping_status":"closed","template":"","meta":[],"product_cat":[33],"product_tag":[],"_links":{"self":[{"href":"https:\/\/hanfimexretail.vn\/index.php?rest_route=\/wp\/v2\/product\/1630"}],"collection":[{"href":"https:\/\/hanfimexretail.vn\/index.php?rest_route=\/wp\/v2\/product"}],"about":[{"href":"https:\/\/hanfimexretail.vn\/index.php?rest_route=\/wp\/v2\/types\/product"}],"replies":[{"embeddable":true,"href":"https:\/\/hanfimexretail.vn\/index.php?rest_route=%2Fwp%2Fv2%2Fcomments&post=1630"}],"wp:featuredmedia":[{"embeddable":true,"href":"https:\/\/hanfimexretail.vn\/index.php?rest_route=\/wp\/v2\/media\/2124"}],"wp:attachment":[{"href":"https:\/\/hanfimexretail.vn\/index.php?rest_route=%2Fwp%2Fv2%2Fmedia&parent=1630"}],"wp:term":[{"taxonomy":"product_cat","embeddable":true,"href":"https:\/\/hanfimexretail.vn\/index.php?rest_route=%2Fwp%2Fv2%2Fproduct_cat&post=1630"},{"taxonomy":"product_tag","embeddable":true,"href":"https:\/\/hanfimexretail.vn\/index.php?rest_route=%2Fwp%2Fv2%2Fproduct_tag&post=1630"}],"curies":[{"name":"wp","href":"https:\/\/api.w.org\/{rel}","templated":true}]}}