{"id":1615,"date":"2022-02-21T11:19:38","date_gmt":"2022-02-21T11:19:38","guid":{"rendered":"https:\/\/hanfimexretail.vn\/?post_type=product&#038;p=1615"},"modified":"2025-12-03T13:41:40","modified_gmt":"2025-12-03T06:41:40","slug":"hat-dieu-rang-chay","status":"publish","type":"product","link":"https:\/\/hanfimexretail.vn\/?product=hat-dieu-rang-chay","title":{"rendered":"H\u1ea1t \u0111i\u1ec1u rang chay"},"content":{"rendered":"<p>H\u1ea1t \u0111i\u1ec1u rang chay HANSIA ho\u00e0n to\u00e0n kh\u00f4ng th\u00eam gia v\u1ecb khi ch\u1ebf bi\u1ebfn, gi\u1eef tr\u1ecdn v\u1eb9n \u0111\u01b0\u1ee3c h\u01b0\u01a1ng v\u1ecb nguy\u00ean b\u1ea3n c\u1ee7a h\u1ea1t \u0111i\u1ec1u. S\u1ea3n ph\u1ea9m n\u00e0y ph\u00f9 h\u1ee3p \u0111\u1ec3 k\u1ebft h\u1ee3p v\u1edbi b\u1ea5t k\u1ef3 m\u1ed9t m\u00f3n \u0103n n\u00e0o trong th\u1ef1c \u0111\u01a1n c\u1ee7a nh\u1eefng ng\u01b0\u1eddi theo \u0111u\u1ed5i l\u1ed1i s\u1ed1ng \u201chealthy\u201d. \u0110\u00e2y ch\u00ednh l\u00e0 s\u1ef1 l\u1ef1a ch\u1ecdn d\u00e0nh cho nh\u1eefng ng\u01b0\u1eddi \u0111ang mu\u1ed1n c\u1eaft gi\u1ea3m l\u01b0\u1ee3ng gia v\u1ecb trong th\u1ef1c \u0111\u01a1n c\u1ee7a m\u00ecnh, \u0111\u1eb7c bi\u1ec7t l\u00e0 mu\u1ed1i v\u00e0 \u0111\u01b0\u1eddng \u0111\u1ed1i v\u1edbi nh\u1eefng ng\u01b0\u1eddi m\u1eafc b\u1ec7nh v\u1ec1 tim m\u1ea1ch, ti\u1ec3u \u0111\u01b0\u1eddng.<\/p>\n","protected":false},"excerpt":{"rendered":"<p>H\u1ea1t \u0111i\u1ec1u rang chay HANSIA ho\u00e0n to\u00e0n kh\u00f4ng th\u00eam gia v\u1ecb khi ch\u1ebf bi\u1ebfn, gi\u1eef tr\u1ecdn v\u1eb9n \u0111\u01b0\u1ee3c h\u01b0\u01a1ng v\u1ecb nguy\u00ean b\u1ea3n c\u1ee7a h\u1ea1t \u0111i\u1ec1u. S\u1ea3n ph\u1ea9m n\u00e0y ph\u00f9 h\u1ee3p \u0111\u1ec3 k\u1ebft h\u1ee3p v\u1edbi b\u1ea5t k\u1ef3 m\u1ed9t m\u00f3n \u0103n n\u00e0o trong th\u1ef1c \u0111\u01a1n c\u1ee7a nh\u1eefng ng\u01b0\u1eddi theo \u0111u\u1ed5i l\u1ed1i s\u1ed1ng \u201chealthy\u201d. \u0110\u00e2y ch\u00ednh l\u00e0 s\u1ef1 l\u1ef1a ch\u1ecdn d\u00e0nh cho nh\u1eefng ng\u01b0\u1eddi \u0111ang mu\u1ed1n c\u1eaft gi\u1ea3m l\u01b0\u1ee3ng gia v\u1ecb trong th\u1ef1c \u0111\u01a1n c\u1ee7a m\u00ecnh, \u0111\u1eb7c bi\u1ec7t l\u00e0 mu\u1ed1i v\u00e0 \u0111\u01b0\u1eddng \u0111\u1ed1i v\u1edbi nh\u1eefng ng\u01b0\u1eddi m\u1eafc b\u1ec7nh v\u1ec1 tim m\u1ea1ch, ti\u1ec3u \u0111\u01b0\u1eddng.<\/p>\n","protected":false},"featured_media":2134,"comment_status":"open","ping_status":"closed","template":"","meta":[],"product_cat":[33],"product_tag":[],"_links":{"self":[{"href":"https:\/\/hanfimexretail.vn\/index.php?rest_route=\/wp\/v2\/product\/1615"}],"collection":[{"href":"https:\/\/hanfimexretail.vn\/index.php?rest_route=\/wp\/v2\/product"}],"about":[{"href":"https:\/\/hanfimexretail.vn\/index.php?rest_route=\/wp\/v2\/types\/product"}],"replies":[{"embeddable":true,"href":"https:\/\/hanfimexretail.vn\/index.php?rest_route=%2Fwp%2Fv2%2Fcomments&post=1615"}],"wp:featuredmedia":[{"embeddable":true,"href":"https:\/\/hanfimexretail.vn\/index.php?rest_route=\/wp\/v2\/media\/2134"}],"wp:attachment":[{"href":"https:\/\/hanfimexretail.vn\/index.php?rest_route=%2Fwp%2Fv2%2Fmedia&parent=1615"}],"wp:term":[{"taxonomy":"product_cat","embeddable":true,"href":"https:\/\/hanfimexretail.vn\/index.php?rest_route=%2Fwp%2Fv2%2Fproduct_cat&post=1615"},{"taxonomy":"product_tag","embeddable":true,"href":"https:\/\/hanfimexretail.vn\/index.php?rest_route=%2Fwp%2Fv2%2Fproduct_tag&post=1615"}],"curies":[{"name":"wp","href":"https:\/\/api.w.org\/{rel}","templated":true}]}}