{"id":1606,"date":"2022-02-21T10:54:52","date_gmt":"2022-02-21T10:54:52","guid":{"rendered":"https:\/\/hanfimexretail.vn\/?post_type=product&#038;p=1606"},"modified":"2025-10-17T17:47:29","modified_gmt":"2025-10-17T10:47:29","slug":"granola-sieu-hat","status":"publish","type":"product","link":"https:\/\/hanfimexretail.vn\/?product=granola-sieu-hat","title":{"rendered":"Granola si\u00eau h\u1ea1t"},"content":{"rendered":"<p>Granola l\u00e0 m\u1ed9t lo\u1ea1i th\u1ef1c ph\u1ea9m \u0103n s\u00e1ng v\u00e0 \u0103n nh\u1eb9 ki\u1ec3u M\u1ef9, l\u00e0 s\u1ef1 k\u1ebft h\u1ee3p c\u1ee7a nhi\u1ec1u lo\u1ea1i h\u1ea1t dinh d\u01b0\u1ee1ng bao g\u1ed3m y\u1ebfn m\u1ea1ch c\u00e1n m\u1ecfng, c\u00e1c lo\u1ea1i h\u1ea1t dinh d\u01b0\u1ee1ng, tr\u00e1i c\u00e2y kh\u00f4 v\u00e0 m\u1eadt ong.<\/p>\n<p>Granola r\u1ea5t gi\u00e0u n\u0103ng l\u01b0\u1ee3ng, c\u0169ng nh\u01b0 protein, ch\u1ea5t x\u01a1 v\u00e0 c\u00e1c vi ch\u1ea5t dinh d\u01b0\u1ee1ng. \u0110\u1eb7c bi\u1ec7t, m\u00f3n \u0103n n\u00e0y c\u00f3 th\u1ec3 cung c\u1ea5p s\u1eaft, magi\u00ea, k\u1ebdm, \u0111\u1ed3ng, selen, vitamin B v\u00e0 vitamin E. M\u1ed7i 100 gram Granola ch\u1ee9a kho\u1ea3ng 471 calo, ph\u00f9 h\u1ee3p v\u1edbi b\u1eefa \u0103n trong ch\u1ebf \u0111\u1ed9 \u0103n \u201ceat clean, healthy\u201d, gi\u00fap gi\u1ea3m c\u00e2n, gi\u1ea3m cholesterol trong m\u00e1u gi\u00fap \u1ed5n \u0111\u1ecbnh \u0111\u01b0\u1eddng huy\u1ebft, t\u0103ng c\u01b0\u1eddng h\u1ec7 th\u1ed1ng mi\u1ec5n d\u1ecbch, h\u1ed7 tr\u1ee3 ti\u00eau h\u00f3a v\u00e0 gi\u00fap t\u0103ng sinh collagen ph\u1ee5c h\u1ed3i nh\u1eefng t\u1ebf b\u00e0o da b\u1ecb t\u1ed5n th\u01b0\u01a1ng nhanh ch\u00f3ng.<\/p>\n","protected":false},"excerpt":{"rendered":"<p>Granola l\u00e0 m\u1ed9t lo\u1ea1i th\u1ef1c ph\u1ea9m \u0103n s\u00e1ng v\u00e0 \u0103n nh\u1eb9 ki\u1ec3u M\u1ef9, l\u00e0 s\u1ef1 k\u1ebft h\u1ee3p c\u1ee7a nhi\u1ec1u lo\u1ea1i h\u1ea1t dinh d\u01b0\u1ee1ng bao g\u1ed3m y\u1ebfn m\u1ea1ch c\u00e1n m\u1ecfng, c\u00e1c lo\u1ea1i h\u1ea1t dinh d\u01b0\u1ee1ng, tr\u00e1i c\u00e2y kh\u00f4 v\u00e0 m\u1eadt ong.<\/p>\n<p>Granola r\u1ea5t gi\u00e0u n\u0103ng l\u01b0\u1ee3ng, c\u0169ng nh\u01b0 protein, ch\u1ea5t x\u01a1 v\u00e0 c\u00e1c vi ch\u1ea5t dinh d\u01b0\u1ee1ng. \u0110\u1eb7c bi\u1ec7t, m\u00f3n \u0103n n\u00e0y c\u00f3 th\u1ec3 cung c\u1ea5p s\u1eaft, magi\u00ea, k\u1ebdm, \u0111\u1ed3ng, selen, vitamin B v\u00e0 vitamin E. M\u1ed7i 100 gram Granola ch\u1ee9a kho\u1ea3ng 471 calo, ph\u00f9 h\u1ee3p v\u1edbi b\u1eefa \u0103n trong ch\u1ebf \u0111\u1ed9 \u0103n \u201ceat clean, healthy\u201d, gi\u00fap gi\u1ea3m c\u00e2n, gi\u1ea3m cholesterol trong m\u00e1u gi\u00fap \u1ed5n \u0111\u1ecbnh \u0111\u01b0\u1eddng huy\u1ebft, t\u0103ng c\u01b0\u1eddng h\u1ec7 th\u1ed1ng mi\u1ec5n d\u1ecbch, h\u1ed7 tr\u1ee3 ti\u00eau h\u00f3a v\u00e0 gi\u00fap t\u0103ng sinh collagen ph\u1ee5c h\u1ed3i nh\u1eefng t\u1ebf b\u00e0o da b\u1ecb t\u1ed5n th\u01b0\u01a1ng nhanh ch\u00f3ng.<\/p>\n","protected":false},"featured_media":2133,"comment_status":"open","ping_status":"closed","template":"","meta":[],"product_cat":[37],"product_tag":[],"_links":{"self":[{"href":"https:\/\/hanfimexretail.vn\/index.php?rest_route=\/wp\/v2\/product\/1606"}],"collection":[{"href":"https:\/\/hanfimexretail.vn\/index.php?rest_route=\/wp\/v2\/product"}],"about":[{"href":"https:\/\/hanfimexretail.vn\/index.php?rest_route=\/wp\/v2\/types\/product"}],"replies":[{"embeddable":true,"href":"https:\/\/hanfimexretail.vn\/index.php?rest_route=%2Fwp%2Fv2%2Fcomments&post=1606"}],"wp:featuredmedia":[{"embeddable":true,"href":"https:\/\/hanfimexretail.vn\/index.php?rest_route=\/wp\/v2\/media\/2133"}],"wp:attachment":[{"href":"https:\/\/hanfimexretail.vn\/index.php?rest_route=%2Fwp%2Fv2%2Fmedia&parent=1606"}],"wp:term":[{"taxonomy":"product_cat","embeddable":true,"href":"https:\/\/hanfimexretail.vn\/index.php?rest_route=%2Fwp%2Fv2%2Fproduct_cat&post=1606"},{"taxonomy":"product_tag","embeddable":true,"href":"https:\/\/hanfimexretail.vn\/index.php?rest_route=%2Fwp%2Fv2%2Fproduct_tag&post=1606"}],"curies":[{"name":"wp","href":"https:\/\/api.w.org\/{rel}","templated":true}]}}