{"id":1597,"date":"2022-02-21T10:50:37","date_gmt":"2022-02-21T10:50:37","guid":{"rendered":"https:\/\/hanfimexretail.vn\/?post_type=product&#038;p=1597"},"modified":"2024-10-27T15:00:06","modified_gmt":"2024-10-27T08:00:06","slug":"ngu-coc-yen-mach","status":"publish","type":"product","link":"https:\/\/hanfimexretail.vn\/?product=ngu-coc-yen-mach","title":{"rendered":"Ng\u0169 c\u1ed1c y\u1ebfn m\u1ea1ch"},"content":{"rendered":"<p>Ng\u0169 c\u1ed1c y\u1ebfn m\u1ea1ch HANSIA l\u00e0 th\u1ef1c ph\u1ea9m ch\u1ee9a \u00edt ch\u1ea5t b\u00e9o v\u00e0 Calo, v\u00e0 l\u00fac \u0103n s\u1ebd l\u00e0m \u0111\u01b0\u1ee3c c\u00e1c b\u1ea1n c\u1ea3m th\u1ea5y no l\u00e2u m\u00e0 kh\u00f4ng \u0103n nhi\u1ec1u hay \u0103n v\u1eb7t. \u0110i\u1ec1u \u1ea5y s\u1ebd h\u1ed7 tr\u1ee3 c\u00e1c b\u1ea1n v\u1eabn \u0111\u1ee7 n\u0103ng l\u01b0\u1ee3ng l\u00e0m n\u00ean vi\u1ec7c m\u00e0 kh\u00f4ng c\u1ea3m nh\u1eadn \u0111\u00f3i. B\u00ean c\u1ea1nh \u0111\u00f3, c\u00e1c lo\u1ea1i h\u1ea1t \u0111\u01b0\u01a1c b\u1ed5 sung v\u00e0o c\u0169ng g\u00f3p ph\u1ea7n cung c\u1ea5p c\u00e1c vitamin v\u00e0 kho\u00e1ng ch\u1ea5t, to\u00e0n di\u1ec7n cho ch\u1ebf \u0111\u1ed9 \u0103n l\u00e0nh m\u1ea1nh.<\/p>\n","protected":false},"excerpt":{"rendered":"<p>Ng\u0169 c\u1ed1c y\u1ebfn m\u1ea1ch HANSIA l\u00e0 th\u1ef1c ph\u1ea9m ch\u1ee9a \u00edt ch\u1ea5t b\u00e9o v\u00e0 Calo, v\u00e0 l\u00fac \u0103n s\u1ebd l\u00e0m \u0111\u01b0\u1ee3c c\u00e1c b\u1ea1n c\u1ea3m th\u1ea5y no l\u00e2u m\u00e0 kh\u00f4ng \u0103n nhi\u1ec1u hay \u0103n v\u1eb7t. \u0110i\u1ec1u \u1ea5y s\u1ebd h\u1ed7 tr\u1ee3 c\u00e1c b\u1ea1n v\u1eabn \u0111\u1ee7 n\u0103ng l\u01b0\u1ee3ng l\u00e0m n\u00ean vi\u1ec7c m\u00e0 kh\u00f4ng c\u1ea3m nh\u1eadn \u0111\u00f3i. B\u00ean c\u1ea1nh \u0111\u00f3, c\u00e1c lo\u1ea1i h\u1ea1t \u0111\u01b0\u01a1c b\u1ed5 sung v\u00e0o c\u0169ng g\u00f3p ph\u1ea7n cung c\u1ea5p c\u00e1c vitamin v\u00e0 kho\u00e1ng ch\u1ea5t, to\u00e0n di\u1ec7n cho ch\u1ebf \u0111\u1ed9 \u0103n l\u00e0nh m\u1ea1nh.<\/p>\n","protected":false},"featured_media":2121,"comment_status":"open","ping_status":"closed","template":"","meta":[],"product_cat":[15],"product_tag":[],"_links":{"self":[{"href":"https:\/\/hanfimexretail.vn\/index.php?rest_route=\/wp\/v2\/product\/1597"}],"collection":[{"href":"https:\/\/hanfimexretail.vn\/index.php?rest_route=\/wp\/v2\/product"}],"about":[{"href":"https:\/\/hanfimexretail.vn\/index.php?rest_route=\/wp\/v2\/types\/product"}],"replies":[{"embeddable":true,"href":"https:\/\/hanfimexretail.vn\/index.php?rest_route=%2Fwp%2Fv2%2Fcomments&post=1597"}],"wp:featuredmedia":[{"embeddable":true,"href":"https:\/\/hanfimexretail.vn\/index.php?rest_route=\/wp\/v2\/media\/2121"}],"wp:attachment":[{"href":"https:\/\/hanfimexretail.vn\/index.php?rest_route=%2Fwp%2Fv2%2Fmedia&parent=1597"}],"wp:term":[{"taxonomy":"product_cat","embeddable":true,"href":"https:\/\/hanfimexretail.vn\/index.php?rest_route=%2Fwp%2Fv2%2Fproduct_cat&post=1597"},{"taxonomy":"product_tag","embeddable":true,"href":"https:\/\/hanfimexretail.vn\/index.php?rest_route=%2Fwp%2Fv2%2Fproduct_tag&post=1597"}],"curies":[{"name":"wp","href":"https:\/\/api.w.org\/{rel}","templated":true}]}}