{"id":1570,"date":"2022-02-21T10:40:20","date_gmt":"2022-02-21T10:40:20","guid":{"rendered":"https:\/\/hanfimexretail.vn\/?post_type=product&#038;p=1570"},"modified":"2024-01-12T11:40:27","modified_gmt":"2024-01-12T04:40:27","slug":"nam-viet-quat-my","status":"publish","type":"product","link":"https:\/\/hanfimexretail.vn\/?product=nam-viet-quat-my","title":{"rendered":"Nam vi\u1ec7t qu\u1ea5t M\u1ef9"},"content":{"rendered":"<p>Qu\u1ea3 nam vi\u1ec7t qu\u1ea5t l\u00e0 lo\u1ea1i tr\u00e1i c\u00e2y \u0111\u01b0\u1ee3c xu\u1ea5t x\u1ee9 \u1edf c\u00e1c n\u01b0\u1edbc \u1edf v\u00f9ng \u00f4n \u0111\u1edbi nh\u01b0 khu v\u1ef1c B\u1eafc M\u1ef9, \u0111\u01b0\u1ee3c s\u1eed d\u1ee5ng ph\u1ed5 bi\u1ebfn trong c\u00e1c b\u1eefa \u0103n dinh d\u01b0\u1ee1ng. Nam vi\u1ec7t qu\u1ea5t ch\u1ee9a nhi\u1ec1u h\u1ee3p ch\u1ea5t c\u00f3 t\u00ean g\u1ecdi l\u00e0 proanthocyanidin, m\u1ed9t ch\u1ea5t ch\u1ed1ng \u00f4xy h\u00f3a \u201csi\u00eau \u0111\u1eb3ng\u201d. Proanthocyanidin c\u00f2n c\u00f3 kh\u1ea3 n\u0103ng ng\u0103n ng\u1eeba vi khu\u1ea9n \u0111\u1ed9c h\u1ea1i b\u00e1m v\u00e0o m\u00f4 c\u01a1 th\u1ec3, ch\u1eb3ng h\u1ea1n nh\u01b0 nh\u1eefng b\u1ee9c t\u01b0\u1eddng c\u1ee7a \u0111\u01b0\u1eddng ti\u1ebft ni\u1ec7u; l\u00e0 lo\u1ea1i th\u1ef1c ph\u1ea9m t\u1ed1t nh\u1ea5t d\u00e0nh cho b\u1ed9 n\u00e3o, v\u00ec ch\u00fang k\u00edch th\u00edch c\u00e1c t\u00edn hi\u1ec7u th\u1ea7n kinh c\u1ee7a n\u00e3o. Ch\u00fang gi\u00fap b\u1ed9 n\u00e3o ch\u1ed1ng l\u1ea1i stress oxi h\u00f3a v\u00e0 gi\u1ea3m c\u00e1c v\u1ea5n \u0111\u1ec1 v\u1ec1 tr\u00ed nh\u1edb; t\u1ed1t cho h\u1ec7 th\u1ed1ng tim m\u1ea1ch v\u00e0 gi\u1ea3m cholesterol c\u00f3 h\u1ea1i; gi\u00fap l\u00e0m \u0111\u1eb9p v\u00e0 gi\u1ea3m c\u00e2n hi\u1ec7u qu\u1ea3. Trong 100 gram Nam Vi\u1ec7t Qu\u1ea5t c\u1ee7a HANSIA ch\u1ec9 ch\u1ee9a kho\u1ea3ng 46 calo,ph\u00f9 h\u1ee3p cho b\u1eefa \u0103n ki\u00eang m\u00e0 v\u1eabn \u0111\u1ea7y \u0111\u1ee7 vitamin v\u00e0 kho\u00e1ng ch\u1ea5t.<\/p>\n","protected":false},"excerpt":{"rendered":"<p>Qu\u1ea3 nam vi\u1ec7t qu\u1ea5t l\u00e0 lo\u1ea1i tr\u00e1i c\u00e2y \u0111\u01b0\u1ee3c xu\u1ea5t x\u1ee9 \u1edf c\u00e1c n\u01b0\u1edbc \u1edf v\u00f9ng \u00f4n \u0111\u1edbi nh\u01b0 khu v\u1ef1c B\u1eafc M\u1ef9, \u0111\u01b0\u1ee3c s\u1eed d\u1ee5ng ph\u1ed5 bi\u1ebfn trong c\u00e1c b\u1eefa \u0103n dinh d\u01b0\u1ee1ng. Nam vi\u1ec7t qu\u1ea5t ch\u1ee9a nhi\u1ec1u h\u1ee3p ch\u1ea5t c\u00f3 t\u00ean g\u1ecdi l\u00e0 proanthocyanidin, m\u1ed9t ch\u1ea5t ch\u1ed1ng \u00f4xy h\u00f3a \u201csi\u00eau \u0111\u1eb3ng\u201d. Proanthocyanidin c\u00f2n c\u00f3 kh\u1ea3 n\u0103ng ng\u0103n ng\u1eeba vi khu\u1ea9n \u0111\u1ed9c h\u1ea1i b\u00e1m v\u00e0o m\u00f4 c\u01a1 th\u1ec3, ch\u1eb3ng h\u1ea1n nh\u01b0 nh\u1eefng b\u1ee9c t\u01b0\u1eddng c\u1ee7a \u0111\u01b0\u1eddng ti\u1ebft ni\u1ec7u; l\u00e0 lo\u1ea1i th\u1ef1c ph\u1ea9m t\u1ed1t nh\u1ea5t d\u00e0nh cho b\u1ed9 n\u00e3o, v\u00ec ch\u00fang k\u00edch th\u00edch c\u00e1c t\u00edn hi\u1ec7u th\u1ea7n kinh c\u1ee7a n\u00e3o. Ch\u00fang gi\u00fap b\u1ed9 n\u00e3o ch\u1ed1ng l\u1ea1i stress oxi h\u00f3a v\u00e0 gi\u1ea3m c\u00e1c v\u1ea5n \u0111\u1ec1 v\u1ec1 tr\u00ed nh\u1edb; t\u1ed1t cho h\u1ec7 th\u1ed1ng tim m\u1ea1ch v\u00e0 gi\u1ea3m cholesterol c\u00f3 h\u1ea1i; gi\u00fap l\u00e0m \u0111\u1eb9p v\u00e0 gi\u1ea3m c\u00e2n hi\u1ec7u qu\u1ea3. Trong 100 gram Nam Vi\u1ec7t Qu\u1ea5t c\u1ee7a HANSIA ch\u1ec9 ch\u1ee9a kho\u1ea3ng 46 calo,ph\u00f9 h\u1ee3p cho b\u1eefa \u0103n ki\u00eang m\u00e0 v\u1eabn \u0111\u1ea7y \u0111\u1ee7 vitamin v\u00e0 kho\u00e1ng ch\u1ea5t.<\/p>\n","protected":false},"featured_media":2137,"comment_status":"open","ping_status":"closed","template":"","meta":[],"product_cat":[36],"product_tag":[],"_links":{"self":[{"href":"https:\/\/hanfimexretail.vn\/index.php?rest_route=\/wp\/v2\/product\/1570"}],"collection":[{"href":"https:\/\/hanfimexretail.vn\/index.php?rest_route=\/wp\/v2\/product"}],"about":[{"href":"https:\/\/hanfimexretail.vn\/index.php?rest_route=\/wp\/v2\/types\/product"}],"replies":[{"embeddable":true,"href":"https:\/\/hanfimexretail.vn\/index.php?rest_route=%2Fwp%2Fv2%2Fcomments&post=1570"}],"wp:featuredmedia":[{"embeddable":true,"href":"https:\/\/hanfimexretail.vn\/index.php?rest_route=\/wp\/v2\/media\/2137"}],"wp:attachment":[{"href":"https:\/\/hanfimexretail.vn\/index.php?rest_route=%2Fwp%2Fv2%2Fmedia&parent=1570"}],"wp:term":[{"taxonomy":"product_cat","embeddable":true,"href":"https:\/\/hanfimexretail.vn\/index.php?rest_route=%2Fwp%2Fv2%2Fproduct_cat&post=1570"},{"taxonomy":"product_tag","embeddable":true,"href":"https:\/\/hanfimexretail.vn\/index.php?rest_route=%2Fwp%2Fv2%2Fproduct_tag&post=1570"}],"curies":[{"name":"wp","href":"https:\/\/api.w.org\/{rel}","templated":true}]}}