{"id":1558,"date":"2022-02-21T10:33:54","date_gmt":"2022-02-21T10:33:54","guid":{"rendered":"https:\/\/hanfimexretail.vn\/?post_type=product&#038;p=1558"},"modified":"2024-01-12T11:40:27","modified_gmt":"2024-01-12T04:40:27","slug":"nho-kho-hon-hop","status":"publish","type":"product","link":"https:\/\/hanfimexretail.vn\/?product=nho-kho-hon-hop","title":{"rendered":"Nho kh\u00f4 h\u1ed7n h\u1ee3p"},"content":{"rendered":"<p>Nho kh\u00f4 l\u00e0 m\u1ed9t lo\u1ea1i qu\u1ea3 s\u1ea5y kh\u00f4 t\u1ef1 nhi\u00ean, l\u00e0 m\u1ed9t lo\u1ea1i th\u1ef1c ph\u1ea9m kh\u00e1 th\u00f4ng d\u1ee5ng \u1edf c\u00e1c n\u01b0\u1edbc Anh, \u00dac, Canada\u2026 trong m\u1ecdi th\u1ef1c \u0111\u01a1n \u0103n u\u1ed1ng l\u00e0nh m\u1ea1nh. Nho kh\u00f4 nh\u1eadp kh\u1ea9u c\u1ee7a HANSIA kh\u00f4ng th\u00eam c\u00e1c ch\u1ea5t ph\u1ee5 gia n\u00e0o, gi\u1eef nguy\u00ean m\u00f9i v\u1ecb t\u1ef1 nhi\u00ean c\u1ee7a qu\u1ea3 t\u01b0\u01a1i. Trong 100gram c\u00f3 ch\u1ee9a kho\u1ea3ng 299 calo, gi\u00e0u vitamin B, \u0111\u1ed3ng, v\u00e0 s\u1eaft r\u1ea5t quan tr\u1ecdng cho s\u1ef1 h\u00ecnh th\u00e0nh h\u1ed3ng c\u1ea7u, ph\u00f9 h\u1ee3p v\u1edbi ng\u01b0\u1eddi thi\u1ebfu m\u00e1u; ch\u1ea5t x\u01a1 trong nho kh\u00f4 c\u00f3 th\u1ec3 lo\u1ea1i b\u1ecf c\u00e1c \u0111\u1ed9c t\u1ed1, ch\u1ee9a nhi\u1ec1u vitamin A, A-carotenoid v\u00e0 beta carotene n\u00ean r\u1ea5t t\u1ed1t cho \u0111\u00f4i m\u1eaft.<\/p>\n","protected":false},"excerpt":{"rendered":"<p>Nho kh\u00f4 l\u00e0 m\u1ed9t lo\u1ea1i qu\u1ea3 s\u1ea5y kh\u00f4 t\u1ef1 nhi\u00ean, l\u00e0 m\u1ed9t lo\u1ea1i th\u1ef1c ph\u1ea9m kh\u00e1 th\u00f4ng d\u1ee5ng \u1edf c\u00e1c n\u01b0\u1edbc Anh, \u00dac, Canada\u2026 trong m\u1ecdi th\u1ef1c \u0111\u01a1n \u0103n u\u1ed1ng l\u00e0nh m\u1ea1nh. Nho kh\u00f4 nh\u1eadp kh\u1ea9u c\u1ee7a HANSIA kh\u00f4ng th\u00eam c\u00e1c ch\u1ea5t ph\u1ee5 gia n\u00e0o, gi\u1eef nguy\u00ean m\u00f9i v\u1ecb t\u1ef1 nhi\u00ean c\u1ee7a qu\u1ea3 t\u01b0\u01a1i. Trong 100gram c\u00f3 ch\u1ee9a kho\u1ea3ng 299 calo, gi\u00e0u vitamin B, \u0111\u1ed3ng, v\u00e0 s\u1eaft r\u1ea5t quan tr\u1ecdng cho s\u1ef1 h\u00ecnh th\u00e0nh h\u1ed3ng c\u1ea7u, ph\u00f9 h\u1ee3p v\u1edbi ng\u01b0\u1eddi thi\u1ebfu m\u00e1u; ch\u1ea5t x\u01a1 trong nho kh\u00f4 c\u00f3 th\u1ec3 lo\u1ea1i b\u1ecf c\u00e1c \u0111\u1ed9c t\u1ed1, ch\u1ee9a nhi\u1ec1u vitamin A, A-carotenoid v\u00e0 beta carotene n\u00ean r\u1ea5t t\u1ed1t cho \u0111\u00f4i m\u1eaft.<\/p>\n","protected":false},"featured_media":2117,"comment_status":"open","ping_status":"closed","template":"","meta":[],"product_cat":[36],"product_tag":[],"_links":{"self":[{"href":"https:\/\/hanfimexretail.vn\/index.php?rest_route=\/wp\/v2\/product\/1558"}],"collection":[{"href":"https:\/\/hanfimexretail.vn\/index.php?rest_route=\/wp\/v2\/product"}],"about":[{"href":"https:\/\/hanfimexretail.vn\/index.php?rest_route=\/wp\/v2\/types\/product"}],"replies":[{"embeddable":true,"href":"https:\/\/hanfimexretail.vn\/index.php?rest_route=%2Fwp%2Fv2%2Fcomments&post=1558"}],"wp:featuredmedia":[{"embeddable":true,"href":"https:\/\/hanfimexretail.vn\/index.php?rest_route=\/wp\/v2\/media\/2117"}],"wp:attachment":[{"href":"https:\/\/hanfimexretail.vn\/index.php?rest_route=%2Fwp%2Fv2%2Fmedia&parent=1558"}],"wp:term":[{"taxonomy":"product_cat","embeddable":true,"href":"https:\/\/hanfimexretail.vn\/index.php?rest_route=%2Fwp%2Fv2%2Fproduct_cat&post=1558"},{"taxonomy":"product_tag","embeddable":true,"href":"https:\/\/hanfimexretail.vn\/index.php?rest_route=%2Fwp%2Fv2%2Fproduct_tag&post=1558"}],"curies":[{"name":"wp","href":"https:\/\/api.w.org\/{rel}","templated":true}]}}