{"id":1550,"date":"2022-02-21T10:30:32","date_gmt":"2022-02-21T10:30:32","guid":{"rendered":"https:\/\/hanfimexretail.vn\/?post_type=product&#038;p=1550"},"modified":"2025-11-17T23:48:28","modified_gmt":"2025-11-17T16:48:28","slug":"hat-de-cuoi-my","status":"publish","type":"product","link":"https:\/\/hanfimexretail.vn\/?product=hat-de-cuoi-my","title":{"rendered":"H\u1ea1t d\u1ebb c\u01b0\u1eddi M\u1ef9"},"content":{"rendered":"<p>H\u1ea1t d\u1ebb c\u01b0\u1eddi M\u1ef9 l\u00e0 lo\u1ea1i h\u1ea1t dinh d\u01b0\u1ee1ng cao c\u1ea5p, \u0111\u01b0\u1ee3c bi\u1ebft \u0111\u1ebfn v\u1edbi vai tr\u00f2 ch\u0103m s\u00f3c s\u1ee9c kh\u1ecfe, s\u1eafc \u0111\u1eb9p, l\u00e0 m\u00f3n \u0103n v\u1eb7t b\u1ed5 d\u01b0\u1ee1ng cho c\u1ea3 tr\u1ebb em v\u00e0 ng\u01b0\u1eddi l\u1edbn. Ch\u1ec9 trong 28gram h\u1ea1t d\u1ebb c\u01b0\u1eddi M\u1ef9 c\u00f3 ch\u1ee9a 37 % l\u01b0\u1ee3ng vitamin B6, \u0111\u00f3ng vai tr\u00f2 quan tr\u1ecdng trong c\u01a1 th\u1ec3 li\u00ean quan \u0111\u1eb7c bi\u1ec7t t\u1edbi vi\u1ec7c chuy\u1ec3n h\u00f3a protein v\u00e0 ph\u00e1t tri\u1ec3n nh\u1eadn th\u1ee9c; v\u00e0 v\u00ec c\u00f3 nhi\u1ec1u ch\u1ea5t x\u01a1 v\u00e0 protein n\u00ean \u0103n h\u1ea1t d\u1ebb c\u01b0\u1eddi th\u01b0\u1eddng xuy\u00ean gi\u00fap gi\u1ea3m nguy c\u01a1 t\u0103ng c\u00e2n.<\/p>\n","protected":false},"excerpt":{"rendered":"<p>H\u1ea1t d\u1ebb c\u01b0\u1eddi M\u1ef9 l\u00e0 lo\u1ea1i h\u1ea1t dinh d\u01b0\u1ee1ng cao c\u1ea5p, \u0111\u01b0\u1ee3c bi\u1ebft \u0111\u1ebfn v\u1edbi vai tr\u00f2 ch\u0103m s\u00f3c s\u1ee9c kh\u1ecfe, s\u1eafc \u0111\u1eb9p, l\u00e0 m\u00f3n \u0103n v\u1eb7t b\u1ed5 d\u01b0\u1ee1ng cho c\u1ea3 tr\u1ebb em v\u00e0 ng\u01b0\u1eddi l\u1edbn. Ch\u1ec9 trong 28gram h\u1ea1t d\u1ebb c\u01b0\u1eddi M\u1ef9 c\u00f3 ch\u1ee9a 37 % l\u01b0\u1ee3ng vitamin B6, \u0111\u00f3ng vai tr\u00f2 quan tr\u1ecdng trong c\u01a1 th\u1ec3 li\u00ean quan \u0111\u1eb7c bi\u1ec7t t\u1edbi vi\u1ec7c chuy\u1ec3n h\u00f3a protein v\u00e0 ph\u00e1t tri\u1ec3n nh\u1eadn th\u1ee9c; v\u00e0 v\u00ec c\u00f3 nhi\u1ec1u ch\u1ea5t x\u01a1 v\u00e0 protein n\u00ean \u0103n h\u1ea1t d\u1ebb c\u01b0\u1eddi th\u01b0\u1eddng xuy\u00ean gi\u00fap gi\u1ea3m nguy c\u01a1 t\u0103ng c\u00e2n.<\/p>\n","protected":false},"featured_media":2127,"comment_status":"open","ping_status":"closed","template":"","meta":[],"product_cat":[15],"product_tag":[],"_links":{"self":[{"href":"https:\/\/hanfimexretail.vn\/index.php?rest_route=\/wp\/v2\/product\/1550"}],"collection":[{"href":"https:\/\/hanfimexretail.vn\/index.php?rest_route=\/wp\/v2\/product"}],"about":[{"href":"https:\/\/hanfimexretail.vn\/index.php?rest_route=\/wp\/v2\/types\/product"}],"replies":[{"embeddable":true,"href":"https:\/\/hanfimexretail.vn\/index.php?rest_route=%2Fwp%2Fv2%2Fcomments&post=1550"}],"wp:featuredmedia":[{"embeddable":true,"href":"https:\/\/hanfimexretail.vn\/index.php?rest_route=\/wp\/v2\/media\/2127"}],"wp:attachment":[{"href":"https:\/\/hanfimexretail.vn\/index.php?rest_route=%2Fwp%2Fv2%2Fmedia&parent=1550"}],"wp:term":[{"taxonomy":"product_cat","embeddable":true,"href":"https:\/\/hanfimexretail.vn\/index.php?rest_route=%2Fwp%2Fv2%2Fproduct_cat&post=1550"},{"taxonomy":"product_tag","embeddable":true,"href":"https:\/\/hanfimexretail.vn\/index.php?rest_route=%2Fwp%2Fv2%2Fproduct_tag&post=1550"}],"curies":[{"name":"wp","href":"https:\/\/api.w.org\/{rel}","templated":true}]}}