{"id":1498,"date":"2022-02-21T10:02:37","date_gmt":"2022-02-21T10:02:37","guid":{"rendered":"https:\/\/hanfimexretail.vn\/?post_type=product&#038;p=1498"},"modified":"2022-03-11T09:53:38","modified_gmt":"2022-03-11T02:53:38","slug":"hat-hanh-nhan","status":"publish","type":"product","link":"https:\/\/hanfimexretail.vn\/?product=hat-hanh-nhan","title":{"rendered":"H\u1ea1t h\u1ea1nh nh\u00e2n"},"content":{"rendered":"<p>Theo C\u01a1 s\u1edf d\u1eef li\u1ec7u dinh d\u01b0\u1ee1ng c\u1ee7a B\u1ed9 n\u00f4ng nghi\u1ec7p Hoa K\u1ef3 (USDA), h\u1ea1nh nh\u00e2n l\u00e0 m\u1ed9t lo\u1ea1i h\u1ea1t dinh d\u01b0\u1ee1ng cao, ch\u1ee9a m\u1ed9t ngu\u1ed3n n\u0103ng l\u01b0\u1ee3ng, ch\u1ea5t x\u01a1, protein phong ph\u00fa v\u00e0 m\u1ed9t s\u1ed1 vitamin v\u00e0 kho\u00e1ng ch\u1ea5t thi\u1ebft y\u1ebfu, ch\u1eb3ng h\u1ea1n nh\u01b0 vitamin B, kali, magi\u00ea v\u00e0 k\u1ebdm. So v\u1edbi t\u1ea5t c\u1ea3 c\u00e1c lo\u1ea1i h\u1ea1t kh\u00e1c, h\u1ea1nh nh\u00e2n l\u00e0 m\u1ed9t trong nh\u1eefng ch\u1ea5t gi\u00e0u ch\u1ea5t dinh d\u01b0\u1ee1ng v\u00e0 c\u00e1c th\u00e0nh ph\u1ea7n c\u00f3 l\u1ee3i nh\u1ea5t. H\u00e0m l\u01b0\u1ee3ng calo cho 100 gram h\u1ea1nh nh\u00e2n l\u00e0 kho\u1ea3ng 575 calo v\u00e0 21 gram protein.<\/p>\n","protected":false},"excerpt":{"rendered":"<p>Theo C\u01a1 s\u1edf d\u1eef li\u1ec7u dinh d\u01b0\u1ee1ng c\u1ee7a B\u1ed9 n\u00f4ng nghi\u1ec7p Hoa K\u1ef3 (USDA), h\u1ea1nh nh\u00e2n l\u00e0 m\u1ed9t lo\u1ea1i h\u1ea1t dinh d\u01b0\u1ee1ng cao, ch\u1ee9a m\u1ed9t ngu\u1ed3n n\u0103ng l\u01b0\u1ee3ng, ch\u1ea5t x\u01a1, protein phong ph\u00fa v\u00e0 m\u1ed9t s\u1ed1 vitamin v\u00e0 kho\u00e1ng ch\u1ea5t thi\u1ebft y\u1ebfu, ch\u1eb3ng h\u1ea1n nh\u01b0 vitamin B, kali, magi\u00ea v\u00e0 k\u1ebdm. So v\u1edbi t\u1ea5t c\u1ea3 c\u00e1c lo\u1ea1i h\u1ea1t kh\u00e1c, h\u1ea1nh nh\u00e2n l\u00e0 m\u1ed9t trong nh\u1eefng ch\u1ea5t gi\u00e0u ch\u1ea5t dinh d\u01b0\u1ee1ng v\u00e0 c\u00e1c th\u00e0nh ph\u1ea7n c\u00f3 l\u1ee3i nh\u1ea5t. H\u00e0m l\u01b0\u1ee3ng calo cho 100 gram h\u1ea1nh nh\u00e2n l\u00e0 kho\u1ea3ng 575 calo v\u00e0 21 gram protein.<\/p>\n","protected":false},"featured_media":2123,"comment_status":"open","ping_status":"closed","template":"","meta":[],"product_cat":[15],"product_tag":[],"_links":{"self":[{"href":"https:\/\/hanfimexretail.vn\/index.php?rest_route=\/wp\/v2\/product\/1498"}],"collection":[{"href":"https:\/\/hanfimexretail.vn\/index.php?rest_route=\/wp\/v2\/product"}],"about":[{"href":"https:\/\/hanfimexretail.vn\/index.php?rest_route=\/wp\/v2\/types\/product"}],"replies":[{"embeddable":true,"href":"https:\/\/hanfimexretail.vn\/index.php?rest_route=%2Fwp%2Fv2%2Fcomments&post=1498"}],"wp:featuredmedia":[{"embeddable":true,"href":"https:\/\/hanfimexretail.vn\/index.php?rest_route=\/wp\/v2\/media\/2123"}],"wp:attachment":[{"href":"https:\/\/hanfimexretail.vn\/index.php?rest_route=%2Fwp%2Fv2%2Fmedia&parent=1498"}],"wp:term":[{"taxonomy":"product_cat","embeddable":true,"href":"https:\/\/hanfimexretail.vn\/index.php?rest_route=%2Fwp%2Fv2%2Fproduct_cat&post=1498"},{"taxonomy":"product_tag","embeddable":true,"href":"https:\/\/hanfimexretail.vn\/index.php?rest_route=%2Fwp%2Fv2%2Fproduct_tag&post=1498"}],"curies":[{"name":"wp","href":"https:\/\/api.w.org\/{rel}","templated":true}]}}