{"id":1477,"date":"2022-02-21T07:53:07","date_gmt":"2022-02-21T07:53:07","guid":{"rendered":"https:\/\/hanfimexretail.vn\/?post_type=product&#038;p=1477"},"modified":"2025-09-24T04:44:46","modified_gmt":"2025-09-23T21:44:46","slug":"hat-chia-den-uc","status":"publish","type":"product","link":"https:\/\/hanfimexretail.vn\/?product=hat-chia-den-uc","title":{"rendered":"H\u1ea1t chia \u0111en \u00dac"},"content":{"rendered":"<p>H\u1ea1t Chia \u00dac ch\u1ee9a nhi\u1ec1u omega 3 cao g\u1ea5p 8 l\u1ea7n so v\u1edbi c\u00e1 h\u1ed3i, h\u00e0m l\u01b0\u1ee3ng protein cao g\u1ea5p nhi\u1ec1u l\u1ea7n so v\u1edbi c\u00e1c lo\u1ea1i ng\u0169 c\u1ed1c nh\u01b0 l\u00faa m\u00ec, g\u1ea1o, y\u1ebfn m\u1ea1ch, c\u00e1c vi ch\u1ea5t dinh d\u01b0\u1ee1ng do \u0111\u00f3 n\u00f3 c\u00f3 h\u00e0ng lo\u1ea1t nh\u1eefng t\u00e1c d\u1ee5ng t\u1ed1t nh\u01b0 h\u1ed7 tr\u1ee3 con ng\u01b0\u1eddi ch\u1ed1ng l\u1ea1i kh\u00e1 nhi\u1ec1u b\u1ec7nh t\u1eadt nh\u01b0 l\u00e3o h\u00f3a, ti\u1ec3u \u0111\u01b0\u1eddng, ung th\u01b0, n\u00f3 c\u00f2n h\u1ed7 tr\u1ee3 gi\u1ea3m c\u00e2n, gi\u1ea3i \u0111\u1ed9c c\u01a1 th\u1ec3.<\/p>\n<p>H\u00e0m l\u01b0\u1ee3ng ch\u1ea5t x\u01a1 trong h\u1ea1t chia r\u1ea5t cao, \u0111\u1eb7c bi\u1ec7t l\u00e0 h\u00e0m l\u01b0\u1ee3ng s\u1eaft cao g\u1ea5p 6 l\u1ea7n rau bina hay c\u00f2n g\u1ecdi c\u1ea3i b\u00f3 x\u00f4i, g\u1ea5p 2 l\u1ea7n \u0111\u1eadu l\u0103ng v\u00e0 g\u1ea5p 3 l\u1ea7n gan b\u00f2.<\/p>\n","protected":false},"excerpt":{"rendered":"<p>H\u1ea1t Chia \u00dac ch\u1ee9a nhi\u1ec1u omega 3 cao g\u1ea5p 8 l\u1ea7n so v\u1edbi c\u00e1 h\u1ed3i, h\u00e0m l\u01b0\u1ee3ng protein cao g\u1ea5p nhi\u1ec1u l\u1ea7n so v\u1edbi c\u00e1c lo\u1ea1i ng\u0169 c\u1ed1c nh\u01b0 l\u00faa m\u00ec, g\u1ea1o, y\u1ebfn m\u1ea1ch, c\u00e1c vi ch\u1ea5t dinh d\u01b0\u1ee1ng do \u0111\u00f3 n\u00f3 c\u00f3 h\u00e0ng lo\u1ea1t nh\u1eefng t\u00e1c d\u1ee5ng t\u1ed1t nh\u01b0 h\u1ed7 tr\u1ee3 con ng\u01b0\u1eddi ch\u1ed1ng l\u1ea1i kh\u00e1 nhi\u1ec1u b\u1ec7nh t\u1eadt nh\u01b0 l\u00e3o h\u00f3a, ti\u1ec3u \u0111\u01b0\u1eddng, ung th\u01b0, n\u00f3 c\u00f2n h\u1ed7 tr\u1ee3 gi\u1ea3m c\u00e2n, gi\u1ea3i \u0111\u1ed9c c\u01a1 th\u1ec3.<\/p>\n<p>H\u00e0m l\u01b0\u1ee3ng ch\u1ea5t x\u01a1 trong h\u1ea1t chia r\u1ea5t cao, \u0111\u1eb7c bi\u1ec7t l\u00e0 h\u00e0m l\u01b0\u1ee3ng s\u1eaft cao g\u1ea5p 6 l\u1ea7n rau bina hay c\u00f2n g\u1ecdi c\u1ea3i b\u00f3 x\u00f4i, g\u1ea5p 2 l\u1ea7n \u0111\u1eadu l\u0103ng v\u00e0 g\u1ea5p 3 l\u1ea7n gan b\u00f2.<\/p>\n","protected":false},"featured_media":2128,"comment_status":"open","ping_status":"closed","template":"","meta":[],"product_cat":[15],"product_tag":[],"_links":{"self":[{"href":"https:\/\/hanfimexretail.vn\/index.php?rest_route=\/wp\/v2\/product\/1477"}],"collection":[{"href":"https:\/\/hanfimexretail.vn\/index.php?rest_route=\/wp\/v2\/product"}],"about":[{"href":"https:\/\/hanfimexretail.vn\/index.php?rest_route=\/wp\/v2\/types\/product"}],"replies":[{"embeddable":true,"href":"https:\/\/hanfimexretail.vn\/index.php?rest_route=%2Fwp%2Fv2%2Fcomments&post=1477"}],"wp:featuredmedia":[{"embeddable":true,"href":"https:\/\/hanfimexretail.vn\/index.php?rest_route=\/wp\/v2\/media\/2128"}],"wp:attachment":[{"href":"https:\/\/hanfimexretail.vn\/index.php?rest_route=%2Fwp%2Fv2%2Fmedia&parent=1477"}],"wp:term":[{"taxonomy":"product_cat","embeddable":true,"href":"https:\/\/hanfimexretail.vn\/index.php?rest_route=%2Fwp%2Fv2%2Fproduct_cat&post=1477"},{"taxonomy":"product_tag","embeddable":true,"href":"https:\/\/hanfimexretail.vn\/index.php?rest_route=%2Fwp%2Fv2%2Fproduct_tag&post=1477"}],"curies":[{"name":"wp","href":"https:\/\/api.w.org\/{rel}","templated":true}]}}