{"id":1464,"date":"2022-02-21T07:09:39","date_gmt":"2022-02-21T07:09:39","guid":{"rendered":"https:\/\/hanfimexretail.vn\/?post_type=product&#038;p=1464"},"modified":"2024-01-12T11:40:27","modified_gmt":"2024-01-12T04:40:27","slug":"yen-mach-uc","status":"publish","type":"product","link":"https:\/\/hanfimexretail.vn\/?product=yen-mach-uc","title":{"rendered":"Y\u1ebfn m\u1ea1ch \u00dac"},"content":{"rendered":"<p>Y\u1ebfn m\u1ea1ch \u00dac lo\u1ea1i l\u00e0 s\u1ea3n ph\u1ea9m c\u00f3 th\u00e0nh ph\u1ea7n nguy\u00ean li\u1ec7u dinh d\u01b0\u1ee1ng \u0111\u1eb7c bi\u1ec7t, h\u00e0m l\u01b0\u1ee3ng ch\u1ea5t x\u01a1 cao, h\u1ed7 tr\u1ee3 qu\u00e1 tr\u00ecnh gi\u1ea3m c\u00e2n c\u0169ng nh\u01b0 b\u1ed5 sung c\u00e1c ch\u1ea5t c\u00f3 l\u1ee3i cho s\u1ee9c kh\u1ecfe cho th\u1ef1c \u0111\u01a1n c\u1ee7a ng\u01b0\u1eddi \u0103n ki\u00eang, ng\u0103n ng\u1eeba c\u00e1c b\u1ec7nh v\u1ec1 tim m\u1ea1ch, h\u1ed7 tr\u1ee3 b\u1ec7nh nh\u00e2n ti\u1ec3u \u0111\u01b0\u1eddng. C\u00e1c th\u00e0nh ph\u1ea7n c\u00f3 trong 100g y\u1ebfn m\u1ea1ch \u00dac g\u1ed3m c\u00f3 kho\u1ea3ng 348 calo, protein, canxi, B1, B2, B6,.. c\u1ea7n thi\u1ebft cho b\u1eefa \u0103n c\u1ee7a b\u1ea1n.<\/p>\n","protected":false},"excerpt":{"rendered":"<p>Y\u1ebfn m\u1ea1ch \u00dac lo\u1ea1i l\u00e0 s\u1ea3n ph\u1ea9m c\u00f3 th\u00e0nh ph\u1ea7n nguy\u00ean li\u1ec7u dinh d\u01b0\u1ee1ng \u0111\u1eb7c bi\u1ec7t, h\u00e0m l\u01b0\u1ee3ng ch\u1ea5t x\u01a1 cao, h\u1ed7 tr\u1ee3 qu\u00e1 tr\u00ecnh gi\u1ea3m c\u00e2n c\u0169ng nh\u01b0 b\u1ed5 sung c\u00e1c ch\u1ea5t c\u00f3 l\u1ee3i cho s\u1ee9c kh\u1ecfe cho th\u1ef1c \u0111\u01a1n c\u1ee7a ng\u01b0\u1eddi \u0103n ki\u00eang, ng\u0103n ng\u1eeba c\u00e1c b\u1ec7nh v\u1ec1 tim m\u1ea1ch, h\u1ed7 tr\u1ee3 b\u1ec7nh nh\u00e2n ti\u1ec3u \u0111\u01b0\u1eddng. C\u00e1c th\u00e0nh ph\u1ea7n c\u00f3 trong 100g y\u1ebfn m\u1ea1ch \u00dac g\u1ed3m c\u00f3 kho\u1ea3ng 348 calo, protein, canxi, B1, B2, B6,.. c\u1ea7n thi\u1ebft cho b\u1eefa \u0103n c\u1ee7a b\u1ea1n.<\/p>\n","protected":false},"featured_media":2114,"comment_status":"open","ping_status":"closed","template":"","meta":[],"product_cat":[15],"product_tag":[],"_links":{"self":[{"href":"https:\/\/hanfimexretail.vn\/index.php?rest_route=\/wp\/v2\/product\/1464"}],"collection":[{"href":"https:\/\/hanfimexretail.vn\/index.php?rest_route=\/wp\/v2\/product"}],"about":[{"href":"https:\/\/hanfimexretail.vn\/index.php?rest_route=\/wp\/v2\/types\/product"}],"replies":[{"embeddable":true,"href":"https:\/\/hanfimexretail.vn\/index.php?rest_route=%2Fwp%2Fv2%2Fcomments&post=1464"}],"wp:featuredmedia":[{"embeddable":true,"href":"https:\/\/hanfimexretail.vn\/index.php?rest_route=\/wp\/v2\/media\/2114"}],"wp:attachment":[{"href":"https:\/\/hanfimexretail.vn\/index.php?rest_route=%2Fwp%2Fv2%2Fmedia&parent=1464"}],"wp:term":[{"taxonomy":"product_cat","embeddable":true,"href":"https:\/\/hanfimexretail.vn\/index.php?rest_route=%2Fwp%2Fv2%2Fproduct_cat&post=1464"},{"taxonomy":"product_tag","embeddable":true,"href":"https:\/\/hanfimexretail.vn\/index.php?rest_route=%2Fwp%2Fv2%2Fproduct_tag&post=1464"}],"curies":[{"name":"wp","href":"https:\/\/api.w.org\/{rel}","templated":true}]}}