{"id":1812,"date":"2022-02-23T17:00:41","date_gmt":"2022-02-23T10:00:41","guid":{"rendered":"https:\/\/hanfimexretail.vn\/?page_id=1812"},"modified":"2022-02-24T17:13:39","modified_gmt":"2022-02-24T10:13:39","slug":"tam-nhin-su-menh","status":"publish","type":"page","link":"https:\/\/hanfimexretail.vn\/?page_id=1812","title":{"rendered":"T\u1ea7m nh\u00ecn &#038; S\u1ee9 m\u1ec7nh"},"content":{"rendered":"\t\t<div data-elementor-type=\"wp-page\" data-elementor-id=\"1812\" class=\"elementor elementor-1812\" data-elementor-settings=\"[]\">\n\t\t\t\t\t\t\t<div class=\"elementor-section-wrap\">\n\t\t\t\t\t\t\t<section class=\"elementor-section elementor-top-section elementor-element elementor-element-f3bb81a elementor-section-full_width elementor-section-height-min-height elementor-section-height-default elementor-section-items-middle\" data-id=\"f3bb81a\" data-element_type=\"section\" data-settings=\"{&quot;background_background&quot;:&quot;classic&quot;}\">\r\n\t\t\r\n\t\t\t\t\t\t\t<div class=\"elementor-container elementor-column-gap-default\">\r\n\t\t\t\t\t\t\t\t\t\t\t<div class=\"elementor-column elementor-col-100 elementor-top-column elementor-element elementor-element-5c2f2a7\" data-id=\"5c2f2a7\" data-element_type=\"column\">\r\n\t\t\t\t\t<div class=\"elementor-widget-wrap\">\r\n\t\t\t\t\t\t\t\t\t<\/div>\r\n\t\t\t\t<\/div>\r\n\t\t\t\t\t<\/div>\r\n\t\t\t\t<\/section>\r\n\t\t\t\t<section class=\"elementor-section elementor-top-section elementor-element elementor-element-28cea9b elementor-section-boxed elementor-section-height-default elementor-section-height-default\" data-id=\"28cea9b\" data-element_type=\"section\" data-settings=\"{&quot;background_background&quot;:&quot;classic&quot;}\">\r\n\t\t\t\t\t\t<div class=\"elementor-background-overlay\"><\/div>\r\n\t\t\t\r\n\t\t\t\t\t\t\t<div class=\"elementor-container elementor-column-gap-default\">\r\n\t\t\t\t\t\t\t\t\t\t\t<div class=\"elementor-column elementor-col-100 elementor-top-column elementor-element elementor-element-c20c423\" data-id=\"c20c423\" data-element_type=\"column\">\r\n\t\t\t\t\t<div class=\"elementor-widget-wrap elementor-element-populated\">\r\n\t\t\t\t\t\t\t\t<section class=\"elementor-section elementor-inner-section elementor-element elementor-element-a920a1e elementor-section-full_width elementor-section-height-default elementor-section-height-default elementor-invisible\" data-id=\"a920a1e\" data-element_type=\"section\" data-settings=\"{&quot;animation&quot;:&quot;fadeInUp&quot;}\">\r\n\t\t\r\n\t\t\t\t\t\t\t<div class=\"elementor-container elementor-column-gap-no\">\r\n\t\t\t\t\t\t\t\t\t\t\t<div class=\"elementor-column elementor-col-50 elementor-inner-column elementor-element elementor-element-bffd4e1\" data-id=\"bffd4e1\" data-element_type=\"column\">\r\n\t\t\t\t\t<div class=\"elementor-widget-wrap elementor-element-populated\">\r\n\t\t\t\t\t\t\t\t<section class=\"elementor-section elementor-inner-section elementor-element elementor-element-f5593e8 elementor-section-full_width elementor-section-height-default elementor-section-height-default\" data-id=\"f5593e8\" data-element_type=\"section\">\r\n\t\t\r\n\t\t\t\t\t\t\t<div class=\"elementor-container elementor-column-gap-default\">\r\n\t\t\t\t\t\t\t\t\t\t\t<div class=\"elementor-column elementor-col-100 elementor-inner-column elementor-element elementor-element-a4b015d\" data-id=\"a4b015d\" data-element_type=\"column\">\r\n\t\t\t\t\t<div class=\"elementor-widget-wrap elementor-element-populated\">\r\n\t\t\t\t\t\t\t\t<div class=\"elementor-element elementor-element-993882e elementor-view-default elementor-widget elementor-widget-icon\" data-id=\"993882e\" data-element_type=\"widget\" data-widget_type=\"icon.default\">\n\t\t\t\t<div class=\"elementor-widget-container\">\n\t\t\t\t\t<div class=\"elementor-icon-wrapper\">\n\t\t\t<div class=\"elementor-icon\">\n\t\t\t<i aria-hidden=\"true\" class=\"fas fa-atom\"><\/i>\t\t\t<\/div>\n\t\t<\/div>\n\t\t\t\t<\/div>\n\t\t\t\t<\/div>\n\t\t\t\t<div class=\"elementor-element elementor-element-59ed38a elementor-widget elementor-widget-heading\" data-id=\"59ed38a\" data-element_type=\"widget\" data-widget_type=\"heading.default\">\n\t\t\t\t<div class=\"elementor-widget-container\">\n\t\t\t<style>\/*! elementor - v3.5.5 - 03-02-2022 *\/\n.elementor-heading-title{padding:0;margin:0;line-height:1}.elementor-widget-heading .elementor-heading-title[class*=elementor-size-]>a{color:inherit;font-size:inherit;line-height:inherit}.elementor-widget-heading .elementor-heading-title.elementor-size-small{font-size:15px}.elementor-widget-heading .elementor-heading-title.elementor-size-medium{font-size:19px}.elementor-widget-heading .elementor-heading-title.elementor-size-large{font-size:29px}.elementor-widget-heading .elementor-heading-title.elementor-size-xl{font-size:39px}.elementor-widget-heading .elementor-heading-title.elementor-size-xxl{font-size:59px}<\/style><h2 class=\"elementor-heading-title elementor-size-default\">T\u1ea6M NH\u00ccN<\/h2>\t\t<\/div>\n\t\t\t\t<\/div>\n\t\t\t\t<div class=\"elementor-element elementor-element-7007c11 elementor-widget elementor-widget-text-editor\" data-id=\"7007c11\" data-element_type=\"widget\" data-widget_type=\"text-editor.default\">\n\t\t\t\t<div class=\"elementor-widget-container\">\n\t\t\t<style>\/*! elementor - v3.5.5 - 03-02-2022 *\/\n.elementor-widget-text-editor.elementor-drop-cap-view-stacked .elementor-drop-cap{background-color:#818a91;color:#fff}.elementor-widget-text-editor.elementor-drop-cap-view-framed .elementor-drop-cap{color:#818a91;border:3px solid;background-color:transparent}.elementor-widget-text-editor:not(.elementor-drop-cap-view-default) .elementor-drop-cap{margin-top:8px}.elementor-widget-text-editor:not(.elementor-drop-cap-view-default) .elementor-drop-cap-letter{width:1em;height:1em}.elementor-widget-text-editor .elementor-drop-cap{float:left;text-align:center;line-height:1;font-size:50px}.elementor-widget-text-editor .elementor-drop-cap-letter{display:inline-block}<\/style>\t\t\t\t<p>\u0110\u1ebfn 2025, Hansia tr\u1edf th\u00e0nh th\u01b0\u01a1ng hi\u1ec7u s\u1ed1 1 v\u1ec1 cung c\u1ea5p s\u1ea3n ph\u1ea9m dinh d\u01b0\u1ee1ng t\u1ea1i Vi\u1ec7t Nam.<\/p>\t\t\t\t\t\t<\/div>\n\t\t\t\t<\/div>\n\t\t\t\t\t<\/div>\r\n\t\t\t\t<\/div>\r\n\t\t\t\t\t<\/div>\r\n\t\t\t\t<\/section>\r\n\t\t\t\t\t<\/div>\r\n\t\t\t\t<\/div>\r\n\t\t\t\t<div class=\"elementor-column elementor-col-50 elementor-inner-column elementor-element elementor-element-3a8ccb9\" data-id=\"3a8ccb9\" data-element_type=\"column\">\r\n\t\t\t\t\t<div class=\"elementor-widget-wrap elementor-element-populated\">\r\n\t\t\t\t\t\t\t\t<section class=\"elementor-section elementor-inner-section elementor-element elementor-element-de95456 elementor-section-full_width elementor-section-height-default elementor-section-height-default\" data-id=\"de95456\" data-element_type=\"section\">\r\n\t\t\r\n\t\t\t\t\t\t\t<div class=\"elementor-container elementor-column-gap-default\">\r\n\t\t\t\t\t\t\t\t\t\t\t<div class=\"elementor-column elementor-col-100 elementor-inner-column elementor-element elementor-element-efbfb81\" data-id=\"efbfb81\" data-element_type=\"column\">\r\n\t\t\t\t\t<div class=\"elementor-widget-wrap elementor-element-populated\">\r\n\t\t\t\t\t\t\t\t<div class=\"elementor-element elementor-element-d4708da elementor-view-default elementor-widget elementor-widget-icon\" data-id=\"d4708da\" data-element_type=\"widget\" data-widget_type=\"icon.default\">\n\t\t\t\t<div class=\"elementor-widget-container\">\n\t\t\t\t\t<div class=\"elementor-icon-wrapper\">\n\t\t\t<div class=\"elementor-icon\">\n\t\t\t<i aria-hidden=\"true\" class=\"  porto-icon-comida-organica\"><\/i>\t\t\t<\/div>\n\t\t<\/div>\n\t\t\t\t<\/div>\n\t\t\t\t<\/div>\n\t\t\t\t<div class=\"elementor-element elementor-element-28a9eca elementor-widget elementor-widget-heading\" data-id=\"28a9eca\" data-element_type=\"widget\" data-widget_type=\"heading.default\">\n\t\t\t\t<div class=\"elementor-widget-container\">\n\t\t\t<h2 class=\"elementor-heading-title elementor-size-default\">S\u1ee8 M\u1ec6NH<\/h2>\t\t<\/div>\n\t\t\t\t<\/div>\n\t\t\t\t<div class=\"elementor-element elementor-element-682de12 elementor-widget elementor-widget-text-editor\" data-id=\"682de12\" data-element_type=\"widget\" data-widget_type=\"text-editor.default\">\n\t\t\t\t<div class=\"elementor-widget-container\">\n\t\t\t\t\t\t\t<p>Mang \u0111\u1ebfn nh\u1eefng b\u1eefa \u0103n l\u00e0nh m\u1ea1nh cho ng\u01b0\u1eddi ti\u00eau d\u00f9ng, x\u00e2y d\u1ef1ng m\u1ed9t h\u1ec7 th\u1ed1ng chu\u1ed7i cung \u1ee9ng th\u1ef1c ph\u1ea9m s\u1ea1ch v\u00e0 \u0111\u00f3ng g\u00f3p v\u00e0o s\u1ef1 ph\u00e1t tri\u1ec3n b\u1ec1n v\u1eefng.<\/p>\t\t\t\t\t\t<\/div>\n\t\t\t\t<\/div>\n\t\t\t\t\t<\/div>\r\n\t\t\t\t<\/div>\r\n\t\t\t\t\t<\/div>\r\n\t\t\t\t<\/section>\r\n\t\t\t\t\t<\/div>\r\n\t\t\t\t<\/div>\r\n\t\t\t\t\t<\/div>\r\n\t\t\t\t<\/section>\r\n\t\t\t\t<section class=\"elementor-section elementor-inner-section elementor-element elementor-element-1924719 elementor-section-full_width elementor-section-height-default elementor-section-height-default elementor-invisible\" data-id=\"1924719\" data-element_type=\"section\" data-settings=\"{&quot;animation&quot;:&quot;fadeInUp&quot;}\">\r\n\t\t\r\n\t\t\t\t\t\t\t<div class=\"elementor-container elementor-column-gap-no\">\r\n\t\t\t\t\t\t\t\t\t\t\t<div class=\"elementor-column elementor-col-100 elementor-inner-column elementor-element elementor-element-aca8024\" data-id=\"aca8024\" data-element_type=\"column\">\r\n\t\t\t\t\t<div class=\"elementor-widget-wrap elementor-element-populated\">\r\n\t\t\t\t\t\t\t\t<section class=\"elementor-section elementor-inner-section elementor-element elementor-element-95798a4 elementor-section-full_width elementor-section-height-default elementor-section-height-default\" data-id=\"95798a4\" data-element_type=\"section\">\r\n\t\t\r\n\t\t\t\t\t\t\t<div class=\"elementor-container elementor-column-gap-default\">\r\n\t\t\t\t\t\t\t\t\t\t\t<div class=\"elementor-column elementor-col-100 elementor-inner-column elementor-element elementor-element-91a3135\" data-id=\"91a3135\" data-element_type=\"column\">\r\n\t\t\t\t\t<div class=\"elementor-widget-wrap elementor-element-populated\">\r\n\t\t\t\t\t\t\t\t<div class=\"elementor-element elementor-element-eab58bd elementor-view-default elementor-widget elementor-widget-icon\" data-id=\"eab58bd\" data-element_type=\"widget\" data-widget_type=\"icon.default\">\n\t\t\t\t<div class=\"elementor-widget-container\">\n\t\t\t\t\t<div class=\"elementor-icon-wrapper\">\n\t\t\t<div class=\"elementor-icon\">\n\t\t\t<i aria-hidden=\"true\" class=\"far fa-handshake\"><\/i>\t\t\t<\/div>\n\t\t<\/div>\n\t\t\t\t<\/div>\n\t\t\t\t<\/div>\n\t\t\t\t<div class=\"elementor-element elementor-element-6a0ecc2 elementor-widget elementor-widget-heading\" data-id=\"6a0ecc2\" data-element_type=\"widget\" data-widget_type=\"heading.default\">\n\t\t\t\t<div class=\"elementor-widget-container\">\n\t\t\t<h2 class=\"elementor-heading-title elementor-size-default\">GI\u00c1 TR\u1eca C\u1ed0T L\u00d5I<\/h2>\t\t<\/div>\n\t\t\t\t<\/div>\n\t\t\t\t<div class=\"elementor-element elementor-element-6e3c49d elementor-widget elementor-widget-text-editor\" data-id=\"6e3c49d\" data-element_type=\"widget\" data-widget_type=\"text-editor.default\">\n\t\t\t\t<div class=\"elementor-widget-container\">\n\t\t\t\t\t\t\t<ul>\n<li>CON NG\u01af\u1edcI <br \/>Ch\u00e0o \u0111\u00f3n nh\u1eefng con ng\u01b0\u1eddi c\u00f9ng chung kh\u00e1t v\u1ecdng, \u0111am m\u00ea c\u1ed1ng hi\u1ebfn, c\u00f3 \u0111\u1ee9c, c\u00f3 t\u00e2m v\u00e0 c\u00f3 t\u00e0i, v\u00ec cu\u1ed9c s\u1ed1ng ch\u1ea5t l\u01b0\u1ee3ng h\u01a1n cho m\u1ed7i c\u00e1 nh\u00e2n, c\u1ed9ng \u0111\u1ed3ng v\u00e0 \u0111\u1ea5t n\u01b0\u1edbc.<br \/><br \/><\/li>\n<li>TR\u00c1CH NHI\u1ec6M <br \/>Hi\u1ec3u r\u00f5 v\u00e0 duy tr\u00ec tinh th\u1ea7n tr\u00e1ch nhi\u1ec7m v\u1edbi b\u1ea3n th\u00e2n, c\u00f4ng vi\u1ec7c, kh\u00e1ch h\u00e0ng, x\u00e3 h\u1ed9i, v\u00e0 m\u00f4i tr\u01b0\u1eddng \u0111\u1ec3 \u0111\u1ea1t \u0111\u01b0\u1ee3c c\u00e1c k\u1ebft qu\u1ea3 nh\u1ea5t qu\u00e1n v\u1edbi \u0111\u1ecbnh h\u01b0\u1edbng t\u1ed5 ch\u1ee9c.<br \/><br \/><\/li>\n<li>S\u00c1NG T\u1ea0O <br \/>Khuy\u1ebfn kh\u00edch s\u1ef1 s\u00e1ng t\u1ea1o, suy ngh\u0129, t\u00ecm t\u00f2i v\u00e0 h\u1ecdc h\u1ecfi \u0111\u1ec3 t\u00ecm ra nh\u1eefng y\u1ebfu t\u1ed1 kh\u00e1c bi\u1ec7t v\u00e0 c\u00e1ch l\u00e0m m\u1edbi ph\u00f9 h\u1ee3p, d\u00e1m ngh\u0129 d\u00e1m l\u00e0m nh\u1eb1m t\u0103ng n\u0103ng su\u1ea5t, t\u0103ng hi\u1ec7u qu\u1ea3.<br \/><br \/><\/li>\n<li>T\u1ed0C \u0110\u1ed8 <br \/>\u201cS\u1ea3n xu\u1ea5t nhanh &#8211; B\u00e1n h\u00e0ng nhanh &#8211; Thay \u0111\u1ed5i v\u00e0 th\u00edch \u1ee9ng nhanh\u201d, l\u1ea5y t\u1ed1c \u0111\u1ed9 v\u00e0 ch\u00ednh x\u00e1c l\u00e0m y\u1ebfu t\u1ed1 b\u1eaft bu\u1ed9c trong m\u1ecdi ho\u1ea1t \u0111\u1ed9ng c\u1ee7a c\u00f4ng ty.<br \/><br \/><\/li>\n<li>K\u1ef6 LU\u1eacT <br \/>Tu\u00e2n th\u1ee7 th\u1ee7 c\u00e1c quy \u0111\u1ecbnh, quy t\u1eafc c\u1ee7a t\u1ed5 ch\u1ee9c, b\u00e1m s\u00e1t k\u1ebf ho\u1ea1ch, chi\u1ebfn l\u01b0\u1ee3c \u0111\u1eb7t ra, c\u00f3 tr\u00e1ch nhi\u1ec7m cam k\u1ebft trong c\u00f4ng vi\u1ec7c v\u00e0 quy tr\u00ecnh lao \u0111\u1ed9ng.<br \/><br \/><\/li>\n<li>NI\u1ec0M TIN <br \/>X\u00e2y d\u1ef1ng ni\u1ec1m tin b\u1eb1ng c\u00e1ch chu\u1ea9n b\u1ecb \u0111\u1ea7y \u0111\u1ee7 n\u0103ng l\u1ef1c th\u1ef1c thi, n\u1ed7 l\u1ef1c h\u1ebft m\u00ecnh \u0111\u1ec3 \u0111\u1ea3m b\u1ea3o \u0111\u00fang v\u00e0 cao h\u01a1n c\u00e1c cam k\u1ebft c\u1ee7a m\u00ecnh v\u1edbi kh\u00e1ch h\u00e0ng, \u0111\u1ed1i t\u00e1c; \u0111\u1eb7c bi\u1ec7t l\u00e0 c\u00e1c cam k\u1ebft v\u1ec1 ch\u1ea5t l\u01b0\u1ee3ng s\u1ea3n ph\u1ea9m \u2013 d\u1ecbch v\u1ee5 v\u00e0 ti\u1ebfn \u0111\u1ed9 th\u1ef1c hi\u1ec7n.<\/li>\n<\/ul>\t\t\t\t\t\t<\/div>\n\t\t\t\t<\/div>\n\t\t\t\t\t<\/div>\r\n\t\t\t\t<\/div>\r\n\t\t\t\t\t<\/div>\r\n\t\t\t\t<\/section>\r\n\t\t\t\t\t<\/div>\r\n\t\t\t\t<\/div>\r\n\t\t\t\t\t<\/div>\r\n\t\t\t\t<\/section>\r\n\t\t\t\t\t<\/div>\r\n\t\t\t\t<\/div>\r\n\t\t\t\t\t<\/div>\r\n\t\t\t\t<\/section>\r\n\t\t\t\t<section class=\"elementor-section elementor-top-section elementor-element elementor-element-7067e0a elementor-section-boxed elementor-section-height-default elementor-section-height-default\" data-id=\"7067e0a\" data-element_type=\"section\">\r\n\t\t\r\n\t\t\t\t\t\t\t<div class=\"elementor-container elementor-column-gap-default\">\r\n\t\t\t\t\t\t\t\t\t\t\t<div class=\"elementor-column elementor-col-100 elementor-top-column elementor-element elementor-element-05ecf1c\" data-id=\"05ecf1c\" data-element_type=\"column\">\r\n\t\t\t\t\t<div class=\"elementor-widget-wrap elementor-element-populated\">\r\n\t\t\t\t\t\t\t\t<div class=\"elementor-element elementor-element-abf6e3b elementor-widget elementor-widget-spacer\" data-id=\"abf6e3b\" data-element_type=\"widget\" data-widget_type=\"spacer.default\">\n\t\t\t\t<div class=\"elementor-widget-container\">\n\t\t\t\t\t<div class=\"elementor-spacer\">\n\t\t\t<div class=\"elementor-spacer-inner\"><\/div>\n\t\t<\/div>\n\t\t\t\t<\/div>\n\t\t\t\t<\/div>\n\t\t\t\t\t<\/div>\r\n\t\t\t\t<\/div>\r\n\t\t\t\t\t<\/div>\r\n\t\t\t\t<\/section>\r\n\t\t\t\t\t\t<\/div>\n\t\t\t\t\t<\/div>\n\t\t","protected":false},"excerpt":{"rendered":"<p>T\u1ea6M NH\u00ccN \u0110\u1ebfn 2025, Hansia tr\u1edf th\u00e0nh th\u01b0\u01a1ng hi\u1ec7u s\u1ed1 1 v\u1ec1 cung c\u1ea5p s\u1ea3n ph\u1ea9m dinh d\u01b0\u1ee1ng t\u1ea1i Vi\u1ec7t Nam. S\u1ee8 M\u1ec6NH Mang \u0111\u1ebfn nh\u1eefng b\u1eefa \u0103n l\u00e0nh m\u1ea1nh cho ng\u01b0\u1eddi ti\u00eau d\u00f9ng, x\u00e2y d\u1ef1ng m\u1ed9t h\u1ec7 th\u1ed1ng chu\u1ed7i cung \u1ee9ng th\u1ef1c ph\u1ea9m s\u1ea1ch v\u00e0 \u0111\u00f3ng g\u00f3p v\u00e0o s\u1ef1 ph\u00e1t tri\u1ec3n b\u1ec1n v\u1eefng. GI\u00c1 [&hellip;]<\/p>\n","protected":false},"author":1,"featured_media":0,"parent":0,"menu_order":0,"comment_status":"closed","ping_status":"closed","template":"","meta":[],"_links":{"self":[{"href":"https:\/\/hanfimexretail.vn\/index.php?rest_route=\/wp\/v2\/pages\/1812"}],"collection":[{"href":"https:\/\/hanfimexretail.vn\/index.php?rest_route=\/wp\/v2\/pages"}],"about":[{"href":"https:\/\/hanfimexretail.vn\/index.php?rest_route=\/wp\/v2\/types\/page"}],"author":[{"embeddable":true,"href":"https:\/\/hanfimexretail.vn\/index.php?rest_route=\/wp\/v2\/users\/1"}],"replies":[{"embeddable":true,"href":"https:\/\/hanfimexretail.vn\/index.php?rest_route=%2Fwp%2Fv2%2Fcomments&post=1812"}],"version-history":[{"count":28,"href":"https:\/\/hanfimexretail.vn\/index.php?rest_route=\/wp\/v2\/pages\/1812\/revisions"}],"predecessor-version":[{"id":2045,"href":"https:\/\/hanfimexretail.vn\/index.php?rest_route=\/wp\/v2\/pages\/1812\/revisions\/2045"}],"wp:attachment":[{"href":"https:\/\/hanfimexretail.vn\/index.php?rest_route=%2Fwp%2Fv2%2Fmedia&parent=1812"}],"curies":[{"name":"wp","href":"https:\/\/api.w.org\/{rel}","templated":true}]}}